{"id":131,"date":"2026-04-06T16:27:50","date_gmt":"2026-04-06T14:27:50","guid":{"rendered":"https:\/\/www.arctichockey.eu\/?page_id=131"},"modified":"2026-04-06T21:23:16","modified_gmt":"2026-04-06T19:23:16","slug":"kontakt","status":"publish","type":"page","link":"https:\/\/www.arctichockey.eu\/en\/kontakt\/","title":{"rendered":"Contact"},"content":{"rendered":"<img decoding=\"async\" src=\"https:\/\/www.arctichockey.eu\/wp-content\/uploads\/2026\/01\/arctic-logo-white-scaled.png\" alt=\"arctic logo white\" itemprop=\"image\" height=\"1347\" width=\"2560\" title=\"arctic logo white\" onerror=\"this.style.display='none'\" loading=\"lazy\" \/>\n\t<p><a href=\"https:\/\/www.eliteprospects.com\/agent-portal\/588\/arctic-hockey-agencyhttps:\/\/www.eliteprospects.com\/agent-portal\/588\/arctic-hockey-agency\">Elite Prospects<\/a><\/p>\ne-mail: info@arctichockey.eu<br \/>\ntel.: +421 949 409 099\n<p>If you are unable to reach us by phone, please leave us a message via WhatsApp or SMS. You can also contact us through social media.<\/p>","protected":false},"excerpt":{"rendered":"<p>Elite Prospects e-mail: info@arctichockey.eu tel.: +421 949 409 099 Ak sa nedovol\u00e1te, zanechajte n\u00e1m spr\u00e1vu cez WhatsApp alebo SMS. Kontaktova\u0165 n\u00e1s m\u00f4\u017eete aj cez soci\u00e1lne siete.<\/p>","protected":false},"author":1,"featured_media":0,"parent":0,"menu_order":0,"comment_status":"closed","ping_status":"closed","template":"page-cart","meta":{"_monsterinsights_skip_tracking":false,"_monsterinsights_sitenote_active":false,"_monsterinsights_sitenote_note":"","_monsterinsights_sitenote_category":0,"footnotes":""},"class_list":["post-131","page","type-page","status-publish","hentry"],"aioseo_notices":[],"_links":{"self":[{"href":"https:\/\/www.arctichockey.eu\/en\/wp-json\/wp\/v2\/pages\/131","targetHints":{"allow":["GET"]}}],"collection":[{"href":"https:\/\/www.arctichockey.eu\/en\/wp-json\/wp\/v2\/pages"}],"about":[{"href":"https:\/\/www.arctichockey.eu\/en\/wp-json\/wp\/v2\/types\/page"}],"author":[{"embeddable":true,"href":"https:\/\/www.arctichockey.eu\/en\/wp-json\/wp\/v2\/users\/1"}],"replies":[{"embeddable":true,"href":"https:\/\/www.arctichockey.eu\/en\/wp-json\/wp\/v2\/comments?post=131"}],"version-history":[{"count":14,"href":"https:\/\/www.arctichockey.eu\/en\/wp-json\/wp\/v2\/pages\/131\/revisions"}],"predecessor-version":[{"id":197,"href":"https:\/\/www.arctichockey.eu\/en\/wp-json\/wp\/v2\/pages\/131\/revisions\/197"}],"wp:attachment":[{"href":"https:\/\/www.arctichockey.eu\/en\/wp-json\/wp\/v2\/media?parent=131"}],"curies":[{"name":"wp","href":"https:\/\/api.w.org\/{rel}","templated":true}]}}