{"id":14,"date":"2026-01-06T08:58:28","date_gmt":"2026-01-06T07:58:28","guid":{"rendered":"https:\/\/www.arctichockey.eu\/domov\/"},"modified":"2026-04-06T20:38:49","modified_gmt":"2026-04-06T18:38:49","slug":"domov","status":"publish","type":"page","link":"https:\/\/www.arctichockey.eu\/en\/","title":{"rendered":"Arctic Hockey Agency"},"content":{"rendered":"<img decoding=\"async\" src=\"https:\/\/www.arctichockey.eu\/wp-content\/uploads\/2026\/01\/arctic-logo-white-scaled.png\" alt=\"arctic logo white\" itemprop=\"image\" height=\"1347\" width=\"2560\" title=\"arctic logo white\" onerror=\"this.style.display='none'\" loading=\"lazy\" \/>\n<h1  data-animation-delay=\"0\" data-animation-duration=\"2\">\n\t\t\t\u00a0Developing hockey careers in Europe and North America\t<\/h1>\n\t<p>We focus on each player individually, helping them navigate their career to fully develop their talent and gain valuable international experience.<\/p>\n\t\t\t<a href=\"https:\/\/www.arctichockey.eu\/en\/sluzby\/\" target=\"_self\">\n\t\t\t\t\t\tFor players\n\t\t\t\t\t<\/a>\n\t<p>Arctic Hockey Agency poskytuje hr\u00e1\u010dom kompletn\u00e9 zast\u00fapenie pri prestupoch do zahrani\u010dn\u00fdch klubov &#8211; od vyh\u013eadania vhodn\u00e9ho anga\u017em\u00e1nu a\u017e po zmluvn\u00e9 rokovania a administrat\u00edvnu podporu.<\/p>\n\t\t\t<a href=\"https:\/\/www.arctichockey.eu\/en\/sluzby\/\" target=\"_self\">\n\t\t\t\t\t\tFor clubs\n\t\t\t\t\t<\/a>\n\t<p>We provide clubs with comprehensive services in player recruitment, scouting, and access to European talent, including a database of players and video profiles.<\/p>\n\t<p>&nbsp;<\/p>\n<p>&nbsp;<\/p>\n\t\t\t<a href=\"#\" role=\"button\">\n\t\t\t\t\t\tReviews\n\t\t\t\t\t<\/a>\n\t\t\t\t<img decoding=\"async\" src=\"https:\/\/www.arctichockey.eu\/wp-content\/uploads\/2026\/04\/Unknown.jpg\" alt=\"Unknown\" itemprop=\"image\" height=\"500\" width=\"500\" title=\"Unknown\" onerror=\"this.style.display='none'\" loading=\"lazy\" \/>\n\t<blockquote>\n<p>\u201e<em> Spolupr\u00e1ci s hokejovou agenturou Arctic Hockey Agency hodnot\u00edm velmi pozitivn\u011b. Komunikace je v\u017edy rychl\u00e1 a f\u00e9rov\u00e1. Oce\u0148uji individu\u00e1ln\u00ed p\u0159\u00edstup &#8211; v\u011bnuj\u00ed se mi naplno a skute\u010dn\u011b jim z\u00e1le\u017e\u00ed na m\u00e9m sportovn\u00edm rozvoji. Pomohli mi s hled\u00e1n\u00edm vhodn\u00e9ho anga\u017em\u00e1. Try outy byly domluven\u00e9, m\u011bl jsem kontakty na tren\u00e9ry. Arctic Hockey Agency bych doporu\u010dil ka\u017ed\u00e9mu hr\u00e1\u010di, kter\u00fd hled\u00e1 spolehliv\u00e9ho partnera pro svou hokejovou kari\u00e9ru a chce se posunout na vy\u0161\u0161\u00ed<\/em> \u00farove\u0148. \u201e<\/p>\n<p><em>Adam Str\u00ed\u017e<\/em><\/p><\/blockquote>\n\t<!-- Calendly inline widget begin -->\n<!-- Calendly inline widget end -->","protected":false},"excerpt":{"rendered":"<p>\u00a0Rozv\u00edjame hokejov\u00e9 kari\u00e9ry v Eur\u00f3pe a Severnej Amerike Ka\u017ed\u00e9mu hr\u00e1\u010dovi sa venujeme individu\u00e1lne a pom\u00e1hame mu nasmerova\u0165 kari\u00e9ru tak, aby naplno rozvinul svoj talent a z\u00edskal cenn\u00e9 medzin\u00e1rodn\u00e9 sk\u00fasenosti. Ponuka pre hr\u00e1\u010dov Arctic Hockey Agency poskytuje hr\u00e1\u010dom kompletn\u00e9 zast\u00fapenie pri prestupoch do zahrani\u010dn\u00fdch klubov &#8211; od vyh\u013eadania vhodn\u00e9ho anga\u017em\u00e1nu a\u017e po zmluvn\u00e9 rokovania a administrat\u00edvnu [&hellip;]<\/p>","protected":false},"author":1,"featured_media":0,"parent":0,"menu_order":0,"comment_status":"closed","ping_status":"closed","template":"page-cart","meta":{"_monsterinsights_skip_tracking":false,"_monsterinsights_sitenote_active":false,"_monsterinsights_sitenote_note":"","_monsterinsights_sitenote_category":0,"footnotes":""},"class_list":["post-14","page","type-page","status-publish","hentry"],"aioseo_notices":[],"_links":{"self":[{"href":"https:\/\/www.arctichockey.eu\/en\/wp-json\/wp\/v2\/pages\/14","targetHints":{"allow":["GET"]}}],"collection":[{"href":"https:\/\/www.arctichockey.eu\/en\/wp-json\/wp\/v2\/pages"}],"about":[{"href":"https:\/\/www.arctichockey.eu\/en\/wp-json\/wp\/v2\/types\/page"}],"author":[{"embeddable":true,"href":"https:\/\/www.arctichockey.eu\/en\/wp-json\/wp\/v2\/users\/1"}],"replies":[{"embeddable":true,"href":"https:\/\/www.arctichockey.eu\/en\/wp-json\/wp\/v2\/comments?post=14"}],"version-history":[{"count":30,"href":"https:\/\/www.arctichockey.eu\/en\/wp-json\/wp\/v2\/pages\/14\/revisions"}],"predecessor-version":[{"id":203,"href":"https:\/\/www.arctichockey.eu\/en\/wp-json\/wp\/v2\/pages\/14\/revisions\/203"}],"wp:attachment":[{"href":"https:\/\/www.arctichockey.eu\/en\/wp-json\/wp\/v2\/media?parent=14"}],"curies":[{"name":"wp","href":"https:\/\/api.w.org\/{rel}","templated":true}]}}