{"id":161,"date":"2026-04-06T17:48:14","date_gmt":"2026-04-06T15:48:14","guid":{"rendered":"https:\/\/www.arctichockey.eu\/?page_id=161"},"modified":"2026-04-06T20:17:21","modified_gmt":"2026-04-06T18:17:21","slug":"onas","status":"publish","type":"page","link":"https:\/\/www.arctichockey.eu\/en\/onas\/","title":{"rendered":"About us"},"content":{"rendered":"<p>\u00a0Arctic Hockey Agency vznikla v janu\u00e1ri 2026. Ka\u017ed\u00e9mu hr\u00e1\u010dovi poskytujeme individu\u00e1lny pr\u00edstup a starostlivos\u0165 na najvy\u0161\u0161ej \u00farovni. Komunik\u00e1cia s klientom je pre n\u00e1s k\u013e\u00fa\u010dov\u00e1 &#8211; starostlivo ho podporujeme po\u010das cel\u00e9ho procesu zastupovania a rozvoja jeho kari\u00e9ry.<\/p>\n\t<h3><strong>Jakub Hrivn\u00e1k<\/strong><\/h3>\n<h6><em>Agency Owner and Scout<\/em><\/h6>\n<p>Jakub Hrivn\u00e1k je hokejov\u00fd nad\u0161enec a odborn\u00edk, ktor\u00fd sa scoutingu a komunik\u00e1cii s mlad\u00fdmi hokejov\u00fdmi talentmi venuje takmer 10 rokov. Sk\u00fasenosti hokejov\u00e9ho agenta z\u00edskaval po\u010das p\u00f4sobenia v dlhodobo etablovanej hokejovej agent\u00fare na Slovensku. Po odchode sa rozhodol z\u00faro\u010di\u0165 nadobudnut\u00e9 sk\u00fasenosti a zalo\u017ei\u0165 vlastn\u00fa agent\u00faru &#8211; Arctic Hockey Agency.<\/p>\n\t<h3><strong>Miroslav Dobrota<\/strong><\/h3>\n<h6><em>Co-founder and Hockey Agent<\/em><\/h6>\n<p>Like Jakub, he gained his experience while working at a Slovak hockey agency. \nHe possesses strong management skills in project management and people skills, which he translates into a professional and individual approach to every agency client.<\/p>\n\t<h3><strong>Janne Hilander<\/strong><\/h3>\n<h6><em>Player Agent &amp; Family Advisor<\/em><br \/>\n<em>Finland | Sweden | Scandinavia<\/em><\/h6>\n<p>With many years of experience as an ice hockey agent, I have developed extensive knowledge of the sport and its professional landscape. Throughout my career, I have built strong and lasting relationships within the hockey world, enabling me to identify the right opportunities and negotiate the best possible outcomes for my clients. Previously, I worked in a Slovak hockey agency, which gave me valuable experience in player representation and talent development.<\/p>\n<p>I take pride in offering honest advice, personal commitment, and long-term support for every player I represent. My focus is on building sustainable careers and ensuring that each client is supported both professionally and personally at every stage of their journey. In addition, I also work as a scout, actively identifying and evaluating emerging talent, providing a comprehensive understanding of the market and a competitive edge in positioning my clients for long-term success.<\/p>","protected":false},"excerpt":{"rendered":"<p>\u00a0Arctic Hockey Agency vznikla v janu\u00e1ri 2026. Ka\u017ed\u00e9mu hr\u00e1\u010dovi poskytujeme individu\u00e1lny pr\u00edstup a starostlivos\u0165 na najvy\u0161\u0161ej \u00farovni. Komunik\u00e1cia s klientom je pre n\u00e1s k\u013e\u00fa\u010dov\u00e1 &#8211; starostlivo ho podporujeme po\u010das cel\u00e9ho procesu zastupovania a rozvoja jeho kari\u00e9ry. Jakub Hrivn\u00e1k Majite\u013e agent\u00fary a scout Jakub Hrivn\u00e1k je hokejov\u00fd nad\u0161enec a odborn\u00edk, ktor\u00fd sa scoutingu a komunik\u00e1cii s [&hellip;]<\/p>","protected":false},"author":1,"featured_media":0,"parent":0,"menu_order":0,"comment_status":"closed","ping_status":"closed","template":"page-cart","meta":{"_monsterinsights_skip_tracking":false,"_monsterinsights_sitenote_active":false,"_monsterinsights_sitenote_note":"","_monsterinsights_sitenote_category":0,"footnotes":""},"class_list":["post-161","page","type-page","status-publish","hentry"],"aioseo_notices":[],"_links":{"self":[{"href":"https:\/\/www.arctichockey.eu\/en\/wp-json\/wp\/v2\/pages\/161","targetHints":{"allow":["GET"]}}],"collection":[{"href":"https:\/\/www.arctichockey.eu\/en\/wp-json\/wp\/v2\/pages"}],"about":[{"href":"https:\/\/www.arctichockey.eu\/en\/wp-json\/wp\/v2\/types\/page"}],"author":[{"embeddable":true,"href":"https:\/\/www.arctichockey.eu\/en\/wp-json\/wp\/v2\/users\/1"}],"replies":[{"embeddable":true,"href":"https:\/\/www.arctichockey.eu\/en\/wp-json\/wp\/v2\/comments?post=161"}],"version-history":[{"count":7,"href":"https:\/\/www.arctichockey.eu\/en\/wp-json\/wp\/v2\/pages\/161\/revisions"}],"predecessor-version":[{"id":195,"href":"https:\/\/www.arctichockey.eu\/en\/wp-json\/wp\/v2\/pages\/161\/revisions\/195"}],"wp:attachment":[{"href":"https:\/\/www.arctichockey.eu\/en\/wp-json\/wp\/v2\/media?parent=161"}],"curies":[{"name":"wp","href":"https:\/\/api.w.org\/{rel}","templated":true}]}}