{"id":168,"date":"2026-04-06T18:00:33","date_gmt":"2026-04-06T16:00:33","guid":{"rendered":"https:\/\/www.arctichockey.eu\/?page_id=168"},"modified":"2026-04-06T21:24:35","modified_gmt":"2026-04-06T19:24:35","slug":"sluzby","status":"publish","type":"page","link":"https:\/\/www.arctichockey.eu\/en\/sluzby\/","title":{"rendered":"Services"},"content":{"rendered":"<h2  data-animation-delay=\"0\" data-animation-duration=\"1\">\n\t\t\tFor players\t<\/h2>\n\t<p><strong><em>Comprehensive support for hockey talents<\/em><\/strong><\/p>\n\t<p>Arctic Hockey Agency poskytuje hr\u00e1\u010dom kompletn\u00e9 zast\u00fapenie pri prestupoch do zahrani\u010dn\u00fdch klubov &#8211; od vyh\u013eadania vhodn\u00e9ho anga\u017em\u00e1nu a\u017e po zmluvn\u00e9 rokovania a administrat\u00edvnu podporu. V\u010faka tomu sa hr\u00e1\u010di m\u00f4\u017eu naplno s\u00fastredi\u0165 na svoj v\u00fdkon a rozvoj kari\u00e9ry.<\/p>\n<p>We operate in key hockey countries:<\/p>\n<ul>\n<li>Sweden<\/li>\n<li>Finland<\/li>\n<li>Czech Republic<\/li>\n<li>Slovakia<\/li>\n<\/ul>\n<p>We also open doors to:<\/p>\n<ul>\n<li>Germany<\/li>\n<li>Austria<\/li>\n<li>Switzerland<\/li>\n<li>Canada<\/li>\n<li>USA<\/li>\n<\/ul>\n<h2><strong>What do we provide for players?<\/strong><\/h2>\n<p>As part of our agency services, we provide assistance with:<\/p>\n<ul>\n<li>Finding accommodation in the destination country<\/li>\n<li>Booking flights and other travel tickets<\/li>\n<li>Managing visa applications for countries outside the EU<\/li>\n<li>Providing access to mental coaching services<\/li>\n<li>Setting up training and nutrition plans for the player<\/li>\n<li>Resolving issues arising during their time at the club<\/li>\n<li>Arranging off-season training preparation<\/li>\n<li>Updating hockey profiles on https:\/\/www.eliteprospects.com\/<\/li>\n<\/ul>\n<h2><strong>Who are our services for?<\/strong><\/h2>\n<p>We focus on ambitious young players ranging from youth categories through midget to juniors who want to take their careers to the next level.<\/p>\n<p>Want to move your career forward? Book an online consultation with us or contact us via email at <a href=\"mailto:info@arctichockey.eu\">info@arctichockey.eu<\/a><\/p>\n\t<!-- Calendly inline widget begin -->\n<!-- Calendly inline widget end -->\n<h2  id=\"prekluby\" data-animation-delay=\"0\" data-animation-duration=\"1\">\n\t\t\tFor clubs\t<\/h2>\n\t<p>We provide clubs with comprehensive services in the field of player search, scouting and access to European talent, including a database of players and video profiles. Thanks to our network of contacts and detailed knowledge of the market, we are able to quickly identify players who meet the specific requirements of the club. We thoroughly evaluate each player not only from a sporting point of view, but also from the point of view of character and potential for further development.<\/p>\n<p>We provide clubs with clear video profile materials and relevant information that facilitate the decision-making process when selecting a player. Our goal is long-term cooperation based on trust, professionalism and effective connection of clubs with suitable players within the European and international markets.<\/p>","protected":false},"excerpt":{"rendered":"<p>Ponuka pre hr\u00e1\u010dov Komplexn\u00e1 podpora pre hokejov\u00e9 talenty Arctic Hockey Agency poskytuje hr\u00e1\u010dom kompletn\u00e9 zast\u00fapenie pri prestupoch do zahrani\u010dn\u00fdch klubov &#8211; od vyh\u013eadania vhodn\u00e9ho anga\u017em\u00e1nu a\u017e po zmluvn\u00e9 rokovania a administrat\u00edvnu podporu. V\u010faka tomu sa hr\u00e1\u010di m\u00f4\u017eu naplno s\u00fastredi\u0165 na svoj v\u00fdkon a rozvoj kari\u00e9ry. P\u00f4sob\u00edme v k\u013e\u00fa\u010dov\u00fdch hokejov\u00fdch krajin\u00e1ch: \u0160v\u00e9dsko F\u00ednsko \u010cesko Slovensko a [&hellip;]<\/p>","protected":false},"author":1,"featured_media":0,"parent":0,"menu_order":0,"comment_status":"closed","ping_status":"closed","template":"page-cart","meta":{"_monsterinsights_skip_tracking":false,"_monsterinsights_sitenote_active":false,"_monsterinsights_sitenote_note":"","_monsterinsights_sitenote_category":0,"footnotes":""},"class_list":["post-168","page","type-page","status-publish","hentry"],"aioseo_notices":[],"_links":{"self":[{"href":"https:\/\/www.arctichockey.eu\/en\/wp-json\/wp\/v2\/pages\/168","targetHints":{"allow":["GET"]}}],"collection":[{"href":"https:\/\/www.arctichockey.eu\/en\/wp-json\/wp\/v2\/pages"}],"about":[{"href":"https:\/\/www.arctichockey.eu\/en\/wp-json\/wp\/v2\/types\/page"}],"author":[{"embeddable":true,"href":"https:\/\/www.arctichockey.eu\/en\/wp-json\/wp\/v2\/users\/1"}],"replies":[{"embeddable":true,"href":"https:\/\/www.arctichockey.eu\/en\/wp-json\/wp\/v2\/comments?post=168"}],"version-history":[{"count":10,"href":"https:\/\/www.arctichockey.eu\/en\/wp-json\/wp\/v2\/pages\/168\/revisions"}],"predecessor-version":[{"id":214,"href":"https:\/\/www.arctichockey.eu\/en\/wp-json\/wp\/v2\/pages\/168\/revisions\/214"}],"wp:attachment":[{"href":"https:\/\/www.arctichockey.eu\/en\/wp-json\/wp\/v2\/media?parent=168"}],"curies":[{"name":"wp","href":"https:\/\/api.w.org\/{rel}","templated":true}]}}